{"id":6444,"date":"2026-01-28T16:10:38","date_gmt":"2026-01-28T16:10:38","guid":{"rendered":"https:\/\/domingomoya.com\/?post_type=product&#038;p=6444"},"modified":"2026-01-28T16:10:45","modified_gmt":"2026-01-28T16:10:45","slug":"techo-de-panel-sandwich-imitacion-teja-y-madera","status":"publish","type":"product","link":"https:\/\/domingomoya.com\/en\/product\/techo-de-panel-sandwich-imitacion-teja-y-madera\/","title":{"rendered":"Techo de Panel Sandwich Imitaci\u00f3n Teja y Madera"},"content":{"rendered":"","protected":false},"excerpt":{"rendered":"","protected":false},"featured_media":6445,"template":"","meta":[],"product_brand":[],"product_cat":[42],"product_tag":[],"class_list":{"0":"post-6444","1":"product","2":"type-product","3":"status-publish","4":"has-post-thumbnail","6":"product_cat-sin-categorizar","8":"first","9":"instock","10":"shipping-taxable","11":"product-type-simple"},"yoast_head":"<!-- This site is optimized with the Yoast SEO plugin v27.0 - https:\/\/yoast.com\/product\/yoast-seo-wordpress\/ -->\n<title>Techo de Panel Sandwich Imitaci\u00f3n Teja y Madera - Domingo Moya - Carpinter\u00eda Met\u00e1lica<\/title>\n<meta name=\"robots\" content=\"index, follow, max-snippet:-1, max-image-preview:large, max-video-preview:-1\" \/>\n<link rel=\"canonical\" href=\"http:\/\/domingomoya.com\/en\/product\/techo-de-panel-sandwich-imitacion-teja-y-madera\/\" \/>\n<meta property=\"og:locale\" content=\"en_GB\" \/>\n<meta property=\"og:type\" content=\"article\" \/>\n<meta property=\"og:title\" content=\"Techo de Panel Sandwich Imitaci\u00f3n Teja y Madera - Domingo Moya - Carpinter\u00eda Met\u00e1lica\" \/>\n<meta property=\"og:url\" content=\"http:\/\/domingomoya.com\/en\/product\/techo-de-panel-sandwich-imitacion-teja-y-madera\/\" \/>\n<meta property=\"og:site_name\" content=\"Domingo Moya - Carpinter\u00eda Met\u00e1lica\" \/>\n<meta property=\"article:modified_time\" content=\"2026-01-28T16:10:45+00:00\" \/>\n<meta property=\"og:image\" content=\"http:\/\/domingomoya.com\/wp-content\/uploads\/2026\/01\/Techo-de-panel-sandwich-imitacion-teja-y-madera.jpeg\" \/>\n\t<meta property=\"og:image:width\" content=\"1920\" \/>\n\t<meta property=\"og:image:height\" content=\"1080\" \/>\n\t<meta property=\"og:image:type\" content=\"image\/jpeg\" \/>\n<meta name=\"twitter:card\" content=\"summary_large_image\" \/>\n<meta name=\"twitter:label1\" content=\"Estimated reading time\" \/>\n\t<meta name=\"twitter:data1\" content=\"1 minute\" \/>\n<script type=\"application\/ld+json\" class=\"yoast-schema-graph\">{\"@context\":\"https:\/\/schema.org\",\"@graph\":[{\"@type\":\"WebPage\",\"@id\":\"http:\/\/domingomoya.com\/producto\/techo-de-panel-sandwich-imitacion-teja-y-madera\/\",\"url\":\"http:\/\/domingomoya.com\/producto\/techo-de-panel-sandwich-imitacion-teja-y-madera\/\",\"name\":\"Techo de Panel Sandwich Imitaci\u00f3n Teja y Madera - Domingo Moya - Carpinter\u00eda Met\u00e1lica\",\"isPartOf\":{\"@id\":\"https:\/\/domingomoya.com\/#website\"},\"primaryImageOfPage\":{\"@id\":\"http:\/\/domingomoya.com\/producto\/techo-de-panel-sandwich-imitacion-teja-y-madera\/#primaryimage\"},\"image\":{\"@id\":\"http:\/\/domingomoya.com\/producto\/techo-de-panel-sandwich-imitacion-teja-y-madera\/#primaryimage\"},\"thumbnailUrl\":\"https:\/\/domingomoya.com\/wp-content\/uploads\/2026\/01\/Techo-de-panel-sandwich-imitacion-teja-y-madera.jpeg\",\"datePublished\":\"2026-01-28T16:10:38+00:00\",\"dateModified\":\"2026-01-28T16:10:45+00:00\",\"breadcrumb\":{\"@id\":\"http:\/\/domingomoya.com\/producto\/techo-de-panel-sandwich-imitacion-teja-y-madera\/#breadcrumb\"},\"inLanguage\":\"en-GB\",\"potentialAction\":[{\"@type\":\"ReadAction\",\"target\":[\"http:\/\/domingomoya.com\/producto\/techo-de-panel-sandwich-imitacion-teja-y-madera\/\"]}]},{\"@type\":\"ImageObject\",\"inLanguage\":\"en-GB\",\"@id\":\"http:\/\/domingomoya.com\/producto\/techo-de-panel-sandwich-imitacion-teja-y-madera\/#primaryimage\",\"url\":\"https:\/\/domingomoya.com\/wp-content\/uploads\/2026\/01\/Techo-de-panel-sandwich-imitacion-teja-y-madera.jpeg\",\"contentUrl\":\"https:\/\/domingomoya.com\/wp-content\/uploads\/2026\/01\/Techo-de-panel-sandwich-imitacion-teja-y-madera.jpeg\",\"width\":1920,\"height\":1080},{\"@type\":\"BreadcrumbList\",\"@id\":\"http:\/\/domingomoya.com\/producto\/techo-de-panel-sandwich-imitacion-teja-y-madera\/#breadcrumb\",\"itemListElement\":[{\"@type\":\"ListItem\",\"position\":1,\"name\":\"Portada\",\"item\":\"https:\/\/domingomoya.com\/\"},{\"@type\":\"ListItem\",\"position\":2,\"name\":\"Cat\u00e1logo\",\"item\":\"http:\/\/domingomoya.com\/tienda\/\"},{\"@type\":\"ListItem\",\"position\":3,\"name\":\"Techo de Panel Sandwich Imitaci\u00f3n Teja y Madera\"}]},{\"@type\":\"WebSite\",\"@id\":\"https:\/\/domingomoya.com\/#website\",\"url\":\"https:\/\/domingomoya.com\/\",\"name\":\"Domingo Moya - Carpinter\u00eda Met\u00e1lica\",\"description\":\"Especialistas en Carpinter\u00eda Met\u00e1lica\",\"potentialAction\":[{\"@type\":\"SearchAction\",\"target\":{\"@type\":\"EntryPoint\",\"urlTemplate\":\"https:\/\/domingomoya.com\/?s={search_term_string}\"},\"query-input\":{\"@type\":\"PropertyValueSpecification\",\"valueRequired\":true,\"valueName\":\"search_term_string\"}}],\"inLanguage\":\"en-GB\"}]}<\/script>\n<!-- \/ Yoast SEO plugin. -->","yoast_head_json":{"title":"Techo de Panel Sandwich Imitaci\u00f3n Teja y Madera - Domingo Moya - Carpinter\u00eda Met\u00e1lica","robots":{"index":"index","follow":"follow","max-snippet":"max-snippet:-1","max-image-preview":"max-image-preview:large","max-video-preview":"max-video-preview:-1"},"canonical":"http:\/\/domingomoya.com\/en\/product\/techo-de-panel-sandwich-imitacion-teja-y-madera\/","og_locale":"en_GB","og_type":"article","og_title":"Techo de Panel Sandwich Imitaci\u00f3n Teja y Madera - Domingo Moya - Carpinter\u00eda Met\u00e1lica","og_url":"http:\/\/domingomoya.com\/en\/product\/techo-de-panel-sandwich-imitacion-teja-y-madera\/","og_site_name":"Domingo Moya - Carpinter\u00eda Met\u00e1lica","article_modified_time":"2026-01-28T16:10:45+00:00","og_image":[{"width":1920,"height":1080,"url":"http:\/\/domingomoya.com\/wp-content\/uploads\/2026\/01\/Techo-de-panel-sandwich-imitacion-teja-y-madera.jpeg","type":"image\/jpeg"}],"twitter_card":"summary_large_image","twitter_misc":{"Estimated reading time":"1 minute"},"schema":{"@context":"https:\/\/schema.org","@graph":[{"@type":"WebPage","@id":"http:\/\/domingomoya.com\/producto\/techo-de-panel-sandwich-imitacion-teja-y-madera\/","url":"http:\/\/domingomoya.com\/producto\/techo-de-panel-sandwich-imitacion-teja-y-madera\/","name":"Techo de Panel Sandwich Imitaci\u00f3n Teja y Madera - Domingo Moya - Carpinter\u00eda Met\u00e1lica","isPartOf":{"@id":"https:\/\/domingomoya.com\/#website"},"primaryImageOfPage":{"@id":"http:\/\/domingomoya.com\/producto\/techo-de-panel-sandwich-imitacion-teja-y-madera\/#primaryimage"},"image":{"@id":"http:\/\/domingomoya.com\/producto\/techo-de-panel-sandwich-imitacion-teja-y-madera\/#primaryimage"},"thumbnailUrl":"https:\/\/domingomoya.com\/wp-content\/uploads\/2026\/01\/Techo-de-panel-sandwich-imitacion-teja-y-madera.jpeg","datePublished":"2026-01-28T16:10:38+00:00","dateModified":"2026-01-28T16:10:45+00:00","breadcrumb":{"@id":"http:\/\/domingomoya.com\/producto\/techo-de-panel-sandwich-imitacion-teja-y-madera\/#breadcrumb"},"inLanguage":"en-GB","potentialAction":[{"@type":"ReadAction","target":["http:\/\/domingomoya.com\/producto\/techo-de-panel-sandwich-imitacion-teja-y-madera\/"]}]},{"@type":"ImageObject","inLanguage":"en-GB","@id":"http:\/\/domingomoya.com\/producto\/techo-de-panel-sandwich-imitacion-teja-y-madera\/#primaryimage","url":"https:\/\/domingomoya.com\/wp-content\/uploads\/2026\/01\/Techo-de-panel-sandwich-imitacion-teja-y-madera.jpeg","contentUrl":"https:\/\/domingomoya.com\/wp-content\/uploads\/2026\/01\/Techo-de-panel-sandwich-imitacion-teja-y-madera.jpeg","width":1920,"height":1080},{"@type":"BreadcrumbList","@id":"http:\/\/domingomoya.com\/producto\/techo-de-panel-sandwich-imitacion-teja-y-madera\/#breadcrumb","itemListElement":[{"@type":"ListItem","position":1,"name":"Portada","item":"https:\/\/domingomoya.com\/"},{"@type":"ListItem","position":2,"name":"Cat\u00e1logo","item":"http:\/\/domingomoya.com\/tienda\/"},{"@type":"ListItem","position":3,"name":"Techo de Panel Sandwich Imitaci\u00f3n Teja y Madera"}]},{"@type":"WebSite","@id":"https:\/\/domingomoya.com\/#website","url":"https:\/\/domingomoya.com\/","name":"Domingo Moya - Carpinter\u00eda Met\u00e1lica","description":"Especialistas en Carpinter\u00eda Met\u00e1lica","potentialAction":[{"@type":"SearchAction","target":{"@type":"EntryPoint","urlTemplate":"https:\/\/domingomoya.com\/?s={search_term_string}"},"query-input":{"@type":"PropertyValueSpecification","valueRequired":true,"valueName":"search_term_string"}}],"inLanguage":"en-GB"}]}},"_links":{"self":[{"href":"https:\/\/domingomoya.com\/en\/wp-json\/wp\/v2\/product\/6444","targetHints":{"allow":["GET"]}}],"collection":[{"href":"https:\/\/domingomoya.com\/en\/wp-json\/wp\/v2\/product"}],"about":[{"href":"https:\/\/domingomoya.com\/en\/wp-json\/wp\/v2\/types\/product"}],"wp:featuredmedia":[{"embeddable":true,"href":"https:\/\/domingomoya.com\/en\/wp-json\/wp\/v2\/media\/6445"}],"wp:attachment":[{"href":"https:\/\/domingomoya.com\/en\/wp-json\/wp\/v2\/media?parent=6444"}],"wp:term":[{"taxonomy":"product_brand","embeddable":true,"href":"https:\/\/domingomoya.com\/en\/wp-json\/wp\/v2\/product_brand?post=6444"},{"taxonomy":"product_cat","embeddable":true,"href":"https:\/\/domingomoya.com\/en\/wp-json\/wp\/v2\/product_cat?post=6444"},{"taxonomy":"product_tag","embeddable":true,"href":"https:\/\/domingomoya.com\/en\/wp-json\/wp\/v2\/product_tag?post=6444"}],"curies":[{"name":"wp","href":"https:\/\/api.w.org\/{rel}","templated":true}]}}