{"id":6438,"date":"2026-01-28T16:06:05","date_gmt":"2026-01-28T16:06:05","guid":{"rendered":"https:\/\/domingomoya.com\/?post_type=product&#038;p=6438"},"modified":"2026-01-28T16:06:05","modified_gmt":"2026-01-28T16:06:05","slug":"puerta-de-paso-de-entrada-a-vivienda","status":"publish","type":"product","link":"https:\/\/domingomoya.com\/en\/product\/puerta-de-paso-de-entrada-a-vivienda\/","title":{"rendered":"Puerta de Paso de Entrada a Vivienda"},"content":{"rendered":"","protected":false},"excerpt":{"rendered":"","protected":false},"featured_media":6439,"template":"","meta":[],"product_brand":[],"product_cat":[42],"product_tag":[],"class_list":{"0":"post-6438","1":"product","2":"type-product","3":"status-publish","4":"has-post-thumbnail","6":"product_cat-sin-categorizar","8":"first","9":"instock","10":"shipping-taxable","11":"product-type-simple"},"yoast_head":"<!-- This site is optimized with the Yoast SEO plugin v27.0 - https:\/\/yoast.com\/product\/yoast-seo-wordpress\/ -->\n<title>Puerta de Paso de Entrada a Vivienda - Domingo Moya - Carpinter\u00eda Met\u00e1lica<\/title>\n<meta name=\"robots\" content=\"index, follow, max-snippet:-1, max-image-preview:large, max-video-preview:-1\" \/>\n<link rel=\"canonical\" href=\"http:\/\/domingomoya.com\/en\/product\/puerta-de-paso-de-entrada-a-vivienda\/\" \/>\n<meta property=\"og:locale\" content=\"en_GB\" \/>\n<meta property=\"og:type\" content=\"article\" \/>\n<meta property=\"og:title\" content=\"Puerta de Paso de Entrada a Vivienda - Domingo Moya - Carpinter\u00eda Met\u00e1lica\" \/>\n<meta property=\"og:url\" content=\"http:\/\/domingomoya.com\/en\/product\/puerta-de-paso-de-entrada-a-vivienda\/\" \/>\n<meta property=\"og:site_name\" content=\"Domingo Moya - Carpinter\u00eda Met\u00e1lica\" \/>\n<meta property=\"og:image\" content=\"http:\/\/domingomoya.com\/wp-content\/uploads\/2026\/01\/Puerta-de-paso-de-entrada-a-vivienda.png\" \/>\n\t<meta property=\"og:image:width\" content=\"1500\" \/>\n\t<meta property=\"og:image:height\" content=\"2000\" \/>\n\t<meta property=\"og:image:type\" content=\"image\/png\" \/>\n<meta name=\"twitter:card\" content=\"summary_large_image\" \/>\n<script type=\"application\/ld+json\" class=\"yoast-schema-graph\">{\"@context\":\"https:\/\/schema.org\",\"@graph\":[{\"@type\":\"WebPage\",\"@id\":\"http:\/\/domingomoya.com\/producto\/puerta-de-paso-de-entrada-a-vivienda\/\",\"url\":\"http:\/\/domingomoya.com\/producto\/puerta-de-paso-de-entrada-a-vivienda\/\",\"name\":\"Puerta de Paso de Entrada a Vivienda - Domingo Moya - Carpinter\u00eda Met\u00e1lica\",\"isPartOf\":{\"@id\":\"https:\/\/domingomoya.com\/#website\"},\"primaryImageOfPage\":{\"@id\":\"http:\/\/domingomoya.com\/producto\/puerta-de-paso-de-entrada-a-vivienda\/#primaryimage\"},\"image\":{\"@id\":\"http:\/\/domingomoya.com\/producto\/puerta-de-paso-de-entrada-a-vivienda\/#primaryimage\"},\"thumbnailUrl\":\"https:\/\/domingomoya.com\/wp-content\/uploads\/2026\/01\/Puerta-de-paso-de-entrada-a-vivienda.png\",\"datePublished\":\"2026-01-28T16:06:05+00:00\",\"breadcrumb\":{\"@id\":\"http:\/\/domingomoya.com\/producto\/puerta-de-paso-de-entrada-a-vivienda\/#breadcrumb\"},\"inLanguage\":\"en-GB\",\"potentialAction\":[{\"@type\":\"ReadAction\",\"target\":[\"http:\/\/domingomoya.com\/producto\/puerta-de-paso-de-entrada-a-vivienda\/\"]}]},{\"@type\":\"ImageObject\",\"inLanguage\":\"en-GB\",\"@id\":\"http:\/\/domingomoya.com\/producto\/puerta-de-paso-de-entrada-a-vivienda\/#primaryimage\",\"url\":\"https:\/\/domingomoya.com\/wp-content\/uploads\/2026\/01\/Puerta-de-paso-de-entrada-a-vivienda.png\",\"contentUrl\":\"https:\/\/domingomoya.com\/wp-content\/uploads\/2026\/01\/Puerta-de-paso-de-entrada-a-vivienda.png\",\"width\":1500,\"height\":2000},{\"@type\":\"BreadcrumbList\",\"@id\":\"http:\/\/domingomoya.com\/producto\/puerta-de-paso-de-entrada-a-vivienda\/#breadcrumb\",\"itemListElement\":[{\"@type\":\"ListItem\",\"position\":1,\"name\":\"Portada\",\"item\":\"https:\/\/domingomoya.com\/\"},{\"@type\":\"ListItem\",\"position\":2,\"name\":\"Cat\u00e1logo\",\"item\":\"http:\/\/domingomoya.com\/tienda\/\"},{\"@type\":\"ListItem\",\"position\":3,\"name\":\"Puerta de Paso de Entrada a Vivienda\"}]},{\"@type\":\"WebSite\",\"@id\":\"https:\/\/domingomoya.com\/#website\",\"url\":\"https:\/\/domingomoya.com\/\",\"name\":\"Domingo Moya - Carpinter\u00eda Met\u00e1lica\",\"description\":\"Especialistas en Carpinter\u00eda Met\u00e1lica\",\"potentialAction\":[{\"@type\":\"SearchAction\",\"target\":{\"@type\":\"EntryPoint\",\"urlTemplate\":\"https:\/\/domingomoya.com\/?s={search_term_string}\"},\"query-input\":{\"@type\":\"PropertyValueSpecification\",\"valueRequired\":true,\"valueName\":\"search_term_string\"}}],\"inLanguage\":\"en-GB\"}]}<\/script>\n<!-- \/ Yoast SEO plugin. -->","yoast_head_json":{"title":"Puerta de Paso de Entrada a Vivienda - Domingo Moya - Carpinter\u00eda Met\u00e1lica","robots":{"index":"index","follow":"follow","max-snippet":"max-snippet:-1","max-image-preview":"max-image-preview:large","max-video-preview":"max-video-preview:-1"},"canonical":"http:\/\/domingomoya.com\/en\/product\/puerta-de-paso-de-entrada-a-vivienda\/","og_locale":"en_GB","og_type":"article","og_title":"Puerta de Paso de Entrada a Vivienda - Domingo Moya - Carpinter\u00eda Met\u00e1lica","og_url":"http:\/\/domingomoya.com\/en\/product\/puerta-de-paso-de-entrada-a-vivienda\/","og_site_name":"Domingo Moya - Carpinter\u00eda Met\u00e1lica","og_image":[{"width":1500,"height":2000,"url":"http:\/\/domingomoya.com\/wp-content\/uploads\/2026\/01\/Puerta-de-paso-de-entrada-a-vivienda.png","type":"image\/png"}],"twitter_card":"summary_large_image","schema":{"@context":"https:\/\/schema.org","@graph":[{"@type":"WebPage","@id":"http:\/\/domingomoya.com\/producto\/puerta-de-paso-de-entrada-a-vivienda\/","url":"http:\/\/domingomoya.com\/producto\/puerta-de-paso-de-entrada-a-vivienda\/","name":"Puerta de Paso de Entrada a Vivienda - Domingo Moya - Carpinter\u00eda Met\u00e1lica","isPartOf":{"@id":"https:\/\/domingomoya.com\/#website"},"primaryImageOfPage":{"@id":"http:\/\/domingomoya.com\/producto\/puerta-de-paso-de-entrada-a-vivienda\/#primaryimage"},"image":{"@id":"http:\/\/domingomoya.com\/producto\/puerta-de-paso-de-entrada-a-vivienda\/#primaryimage"},"thumbnailUrl":"https:\/\/domingomoya.com\/wp-content\/uploads\/2026\/01\/Puerta-de-paso-de-entrada-a-vivienda.png","datePublished":"2026-01-28T16:06:05+00:00","breadcrumb":{"@id":"http:\/\/domingomoya.com\/producto\/puerta-de-paso-de-entrada-a-vivienda\/#breadcrumb"},"inLanguage":"en-GB","potentialAction":[{"@type":"ReadAction","target":["http:\/\/domingomoya.com\/producto\/puerta-de-paso-de-entrada-a-vivienda\/"]}]},{"@type":"ImageObject","inLanguage":"en-GB","@id":"http:\/\/domingomoya.com\/producto\/puerta-de-paso-de-entrada-a-vivienda\/#primaryimage","url":"https:\/\/domingomoya.com\/wp-content\/uploads\/2026\/01\/Puerta-de-paso-de-entrada-a-vivienda.png","contentUrl":"https:\/\/domingomoya.com\/wp-content\/uploads\/2026\/01\/Puerta-de-paso-de-entrada-a-vivienda.png","width":1500,"height":2000},{"@type":"BreadcrumbList","@id":"http:\/\/domingomoya.com\/producto\/puerta-de-paso-de-entrada-a-vivienda\/#breadcrumb","itemListElement":[{"@type":"ListItem","position":1,"name":"Portada","item":"https:\/\/domingomoya.com\/"},{"@type":"ListItem","position":2,"name":"Cat\u00e1logo","item":"http:\/\/domingomoya.com\/tienda\/"},{"@type":"ListItem","position":3,"name":"Puerta de Paso de Entrada a Vivienda"}]},{"@type":"WebSite","@id":"https:\/\/domingomoya.com\/#website","url":"https:\/\/domingomoya.com\/","name":"Domingo Moya - Carpinter\u00eda Met\u00e1lica","description":"Especialistas en Carpinter\u00eda Met\u00e1lica","potentialAction":[{"@type":"SearchAction","target":{"@type":"EntryPoint","urlTemplate":"https:\/\/domingomoya.com\/?s={search_term_string}"},"query-input":{"@type":"PropertyValueSpecification","valueRequired":true,"valueName":"search_term_string"}}],"inLanguage":"en-GB"}]}},"_links":{"self":[{"href":"https:\/\/domingomoya.com\/en\/wp-json\/wp\/v2\/product\/6438","targetHints":{"allow":["GET"]}}],"collection":[{"href":"https:\/\/domingomoya.com\/en\/wp-json\/wp\/v2\/product"}],"about":[{"href":"https:\/\/domingomoya.com\/en\/wp-json\/wp\/v2\/types\/product"}],"wp:featuredmedia":[{"embeddable":true,"href":"https:\/\/domingomoya.com\/en\/wp-json\/wp\/v2\/media\/6439"}],"wp:attachment":[{"href":"https:\/\/domingomoya.com\/en\/wp-json\/wp\/v2\/media?parent=6438"}],"wp:term":[{"taxonomy":"product_brand","embeddable":true,"href":"https:\/\/domingomoya.com\/en\/wp-json\/wp\/v2\/product_brand?post=6438"},{"taxonomy":"product_cat","embeddable":true,"href":"https:\/\/domingomoya.com\/en\/wp-json\/wp\/v2\/product_cat?post=6438"},{"taxonomy":"product_tag","embeddable":true,"href":"https:\/\/domingomoya.com\/en\/wp-json\/wp\/v2\/product_tag?post=6438"}],"curies":[{"name":"wp","href":"https:\/\/api.w.org\/{rel}","templated":true}]}}