{"id":8,"date":"2017-02-07T15:05:55","date_gmt":"2017-02-07T15:05:55","guid":{"rendered":"http:\/\/themenectar.com\/demo\/salient-startup\/?page_id=8"},"modified":"2026-01-28T16:35:47","modified_gmt":"2026-01-28T16:35:47","slug":"contacto","status":"publish","type":"page","link":"https:\/\/domingomoya.com\/en\/contacto\/","title":{"rendered":"Contacto"},"content":{"rendered":"<div id=\"fws_69e41a6f5e00c\"  data-column-margin=\"none\" data-midnight=\"dark\" data-top-percent=\"6%\" data-bottom-percent=\"6%\"  class=\"wpb_row vc_row-fluid vc_row full-width-content has-row-bg-color vc_row-o-equal-height vc_row-flex vc_row-o-content-middle  right_padding_15pct left_padding_15pct right_padding_tablet_5pct right_padding_phone_10px left_padding_tablet_5pct left_padding_phone_10px\"  style=\"padding-top: calc(100vw * 0.06); padding-bottom: calc(100vw * 0.06); --row-bg-color: #973630;\"><div class=\"row-bg-wrap\" data-bg-animation=\"none\" data-bg-animation-delay=\"\" data-bg-overlay=\"true\"><div class=\"inner-wrap row-bg-layer using-image\" ><div class=\"row-bg viewport-desktop using-image using-bg-color\"  style=\"background-image: url(https:\/\/domingomoya.com\/wp-content\/uploads\/2026\/01\/fondo-contacto-carpinteria-metalica.png); background-position: center center; background-repeat: no-repeat; background-color: #973630; \"><\/div><\/div><div class=\"row-bg-overlay row-bg-layer\" style=\"background: #973630; background: linear-gradient(135deg,#973630 0%,#C2C2C2 100%);  opacity: 0.3; \"><\/div><\/div><div class=\"row_col_wrap_12 col span_12 dark left\">\n\t<div  class=\"vc_col-sm-7 wpb_column column_container vc_column_container col no-extra-padding inherit_tablet inherit_phone flex_gap_desktop_10px\"  data-padding-pos=\"all\" data-has-bg-color=\"false\" data-bg-color=\"\" data-bg-opacity=\"1\" data-animation=\"\" data-delay=\"0\" >\n\t\t<div class=\"vc_column-inner\" >\n\t\t\t<div class=\"wpb_wrapper\">\n\t\t\t\t<div id=\"fws_69e41a6f5e50d\" data-midnight=\"\" data-column-margin=\"default\" class=\"wpb_row vc_row-fluid vc_row inner_row\"  style=\"\"><div class=\"row-bg-wrap\"> <div class=\"row-bg\" ><\/div> <\/div><div class=\"row_col_wrap_12_inner col span_12  left\">\n\t<div style=\"\" class=\"vc_col-sm-12 wpb_column column_container vc_column_container col child_column padding-6-percent inherit_tablet inherit_phone\"  data-using-bg=\"true\" data-border-radius=\"15px\" data-padding-pos=\"all\" data-has-bg-color=\"true\" data-bg-color=\"#FFFFFF\" data-bg-opacity=\"1\" data-animation=\"\" data-delay=\"0\" >\n\t\t<div class=\"vc_column-inner\" ><div class=\"column-bg-overlay-wrap column-bg-layer\" data-bg-animation=\"none\"><div class=\"column-bg-overlay\" style=\"opacity: 1; background-color: #FFFFFF;\"><\/div><\/div>\n\t\t<div class=\"wpb_wrapper\">\n\t\t\t\n<div class=\"wpb_text_column wpb_content_element\" >\n\t<h3>Contacto.<\/h3>\n<p>\u00bfTienes dudas o necesitas un presupuesto? Aqu\u00ed tienes nuestros datos de contacto, o si lo prefieres un formulario directo.<\/p>\n<\/div>\n\n\n\n<div class=\"divider-wrap\" data-alignment=\"default\"><div style=\"margin-top: 25px; height: 1px; margin-bottom: 25px;\" data-width=\"100%\" data-animate=\"\" data-animation-delay=\"\" data-color=\"default\" class=\"divider-border\"><\/div><\/div>\n<div class=\"wpcf7 no-js\" id=\"wpcf7-f6281-o1\" lang=\"es-ES\" dir=\"ltr\" data-wpcf7-id=\"6281\">\n<div class=\"screen-reader-response\"><p role=\"status\" aria-live=\"polite\" aria-atomic=\"true\"><\/p> <ul><\/ul><\/div>\n<form action=\"\/en\/wp-json\/wp\/v2\/pages\/8#wpcf7-f6281-o1\" method=\"post\" class=\"wpcf7-form init\" aria-label=\"Formulario de contacto\" novalidate=\"novalidate\" data-status=\"init\" data-trp-original-action=\"\/en\/wp-json\/wp\/v2\/pages\/8#wpcf7-f6281-o1\">\n<fieldset class=\"hidden-fields-container\"><input type=\"hidden\" name=\"_wpcf7\" value=\"6281\" \/><input type=\"hidden\" name=\"_wpcf7_version\" value=\"6.1.5\" \/><input type=\"hidden\" name=\"_wpcf7_locale\" value=\"es_ES\" \/><input type=\"hidden\" name=\"_wpcf7_unit_tag\" value=\"wpcf7-f6281-o1\" \/><input type=\"hidden\" name=\"_wpcf7_container_post\" value=\"0\" \/><input type=\"hidden\" name=\"_wpcf7_posted_data_hash\" value=\"\" \/>\n<\/fieldset>\n<div class=\"nombre\">\n\t<p><label> Nombre<br \/>\n<span class=\"wpcf7-form-control-wrap\" data-name=\"your-name\"><input size=\"40\" maxlength=\"400\" class=\"wpcf7-form-control wpcf7-text wpcf7-validates-as-required\" autocomplete=\"name\" aria-required=\"true\" aria-invalid=\"false\" value=\"\" type=\"text\" name=\"your-name\" \/><\/span> <\/label>\n\t<\/p>\n<\/div>\n<div class=\"email\">\n\t<p><label> Email<br \/>\n<span class=\"wpcf7-form-control-wrap\" data-name=\"your-email\"><input size=\"40\" maxlength=\"400\" class=\"wpcf7-form-control wpcf7-email wpcf7-validates-as-required wpcf7-text wpcf7-validates-as-email\" autocomplete=\"email\" aria-required=\"true\" aria-invalid=\"false\" value=\"\" type=\"email\" name=\"your-email\" \/><\/span> <\/label>\n\t<\/p>\n<\/div>\n<div class=\"asunto\">\n\t<p><label> Asunto<br \/>\n<span class=\"wpcf7-form-control-wrap\" data-name=\"your-subject\"><input size=\"40\" maxlength=\"400\" class=\"wpcf7-form-control wpcf7-text wpcf7-validates-as-required\" aria-required=\"true\" aria-invalid=\"false\" value=\"\" type=\"text\" name=\"your-subject\" \/><\/span> <\/label>\n\t<\/p>\n<\/div>\n<p><label> Mensaje<br \/>\n<span class=\"wpcf7-form-control-wrap\" data-name=\"your-message\"><textarea cols=\"40\" rows=\"10\" maxlength=\"2000\" class=\"wpcf7-form-control wpcf7-textarea\" aria-invalid=\"false\" name=\"your-message\"><\/textarea><\/span> <\/label>\n<\/p>\n<p><span class=\"wpcf7-form-control-wrap\" data-name=\"acceptance-304\"><span class=\"wpcf7-form-control wpcf7-acceptance\"><span class=\"wpcf7-list-item\"><label><input type=\"checkbox\" name=\"acceptance-304\" value=\"1\" aria-invalid=\"false\" \/><span class=\"wpcf7-list-item-label\">He le\u00eddo y acepto la <a href=\"https:\/\/domingomoya.com\/en\/politica-de-privacidad\/\">Pol\u00edtica de Privacidad*<\/a>.<\/span><\/label><\/span><\/span><\/span>\n<\/p>\n<details style=\"margin-bottom: 20px; font-size: 14px; color: #555;\">\n\t<summary style=\"cursor: pointer; color: #0056b3; font-weight: bold;\">Ver informaci\u00f3n sobre protecci\u00f3n de datos\n\t<\/summary>\n\t<div style=\"border: 1px solid #eee; padding: 15px; margin-top: 10px; background-color: #f9f9f9; border-radius: 5px; line-height: 1.6;\">\n\t\t<p>En cumplimiento del Reglamento General de Protecci\u00f3n de Datos (UE) 2016\/679 del Parlamento Europeo y del Consejo de 27 de abril de 2016 y la ley org\u00e1nica 3\/2018 de 5 de diciembre de Protecci\u00f3n de Datos Personales y de Garant\u00eda de los Derechos Digitales le informamos que los datos por Vd. proporcionados ser\u00e1n objeto de tratamiento por parte de MOYA ACEVEDO, DOMINGO con CIF 48806451Z, con domicilio en C\/ JOSE DE RIVERA 5, 41960 (Gines) con la finalidad de prestarle el servicio solicitado y\/o contratado, realizar la facturaci\u00f3n del mismo.\n\t\t<\/p>\n\t\t<p>La base legal para el tratamiento de sus datos es la ejecuci\u00f3n del servicio por usted contratado y\/o solicitado. La oferta prospectiva de productos y servicios est\u00e1 basada en el consentimiento que se le solicita, sin que en ning\u00fan caso la retirada de este consentimiento condicione la ejecuci\u00f3n del contrato.\n\t\t<\/p>\n\t\t<p>Los datos proporcionados se conservar\u00e1n mientras se mantenga la relaci\u00f3n comercial o durante los a\u00f1os necesarios para cumplir con las obligaciones legales. Los datos no se ceder\u00e1n a terceros salvo en los casos en que exista una obligaci\u00f3n legal.\n\t\t<\/p>\n\t\t<p>Usted tiene derecho a obtener confirmaci\u00f3n sobre si MOYA ACEVEDO, DOMINGO estamos tratando sus datos personales y por tanto tiene derecho a ejercer sus derechos de acceso, rectificaci\u00f3n, limitaci\u00f3n del tratamiento, portabilidad, oposici\u00f3n al tratamiento y supresi\u00f3n de sus datos as\u00ed como el derecho a presentar una reclamaci\u00f3n ante la Autoridad de Control mediante escrito dirigido a la direcci\u00f3n postal arriba mencionada o electr\u00f3nica\u00a0mc.domingomoya@gmail.com, adjuntando copia del DNI en ambos casos.\n\t\t<\/p>\n\t<\/div>\n<\/details>\n<p><input class=\"wpcf7-form-control wpcf7-submit has-spinner\" type=\"submit\" value=\"Enviar\" \/>\n<\/p><div class=\"wpcf7-response-output\" aria-hidden=\"true\"><\/div>\n<input type=\"hidden\" name=\"trp-form-language\" value=\"en\"\/><\/form>\n<\/div>\n\n\t\t<\/div> \n\t<\/div>\n\t<\/div> \n<\/div><\/div>\n\t\t\t<\/div> \n\t\t<\/div>\n\t<\/div> \n\n\t<div  class=\"vc_col-sm-5 wpb_column column_container vc_column_container col left_padding_desktop_7pct top_padding_desktop_4pct right_padding_desktop_7pct bottom_padding_desktop_4pct\"  data-padding-pos=\"all\" data-has-bg-color=\"false\" data-bg-color=\"\" data-bg-opacity=\"1\" data-animation=\"\" data-delay=\"0\" >\n\t\t<div class=\"vc_column-inner\" >\n\t\t\t<div class=\"wpb_wrapper\">\n\t\t\t\t<div id=\"fws_69e41a6f612bb\" data-midnight=\"\" data-column-margin=\"default\" class=\"wpb_row vc_row-fluid vc_row inner_row\"  style=\"\"><div class=\"row-bg-wrap\"> <div class=\"row-bg\" ><\/div> <\/div><div class=\"row_col_wrap_12_inner col span_12  left\">\n\t<div style=\"\" class=\"vc_col-sm-12 wpb_column column_container vc_column_container col child_column padding-1-percent inherit_tablet inherit_phone\"  data-using-bg=\"true\" data-shadow=\"small_depth\" data-border-radius=\"15px\" data-padding-pos=\"all\" data-has-bg-color=\"true\" data-bg-color=\"#FFFFFF\" data-bg-opacity=\"1\" data-animation=\"\" data-delay=\"0\" >\n\t\t<div class=\"vc_column-inner\" ><div class=\"column-bg-overlay-wrap column-bg-layer\" data-bg-animation=\"none\"><div class=\"column-bg-overlay\" style=\"opacity: 1; background-color: #FFFFFF;\"><\/div><\/div>\n\t\t<div class=\"wpb_wrapper\">\n\t\t\t\n\t<div class=\"wpb_raw_code wpb_raw_html wpb_content_element\" >\n\t\t<div class=\"wpb_wrapper\">\n\t\t\t<iframe src=\"https:\/\/www.google.com\/maps\/embed?pb=!1m18!1m12!1m3!1d1820.7468732087418!2d-6.084420731994487!3d37.38737425811513!2m3!1f0!2f0!3f0!3m2!1i1024!2i768!4f13.1!3m3!1m2!1s0xd1213f0d70114e5%3A0xc9101bf5111ded8c!2sHERRERIA%20Y%20CARPINTERIA%20METALICA%20DOMINGO%20MOYA!5e0!3m2!1ses!2ses!4v1769427830457!5m2!1ses!2ses\" width=\"100%\" height=\"600\" style=\"border: 0px; opacity: 1; visibility: visible;\" allowfullscreen=\"\" loading=\"lazy\" referrerpolicy=\"no-referrer-when-downgrade\"><\/iframe>\n\n\t\t<\/div>\n\t<\/div>\n\n\t\t<\/div> \n\t<\/div>\n\t<\/div> \n\n\t<div style=\"margin-top: 5%; \" class=\"vc_col-sm-12 wpb_column column_container vc_column_container col child_column left_padding_desktop_5pct top_padding_desktop_3pct right_padding_desktop_5pct bottom_padding_desktop_3pct\"  data-using-bg=\"true\" data-shadow=\"small_depth\" data-border-radius=\"15px\" data-padding-pos=\"all\" data-has-bg-color=\"true\" data-bg-color=\"#FFFFFF\" data-bg-opacity=\"1\" data-animation=\"\" data-delay=\"0\" >\n\t\t<div class=\"vc_column-inner\" ><div class=\"column-bg-overlay-wrap column-bg-layer\" data-bg-animation=\"none\"><div class=\"column-bg-overlay\" style=\"opacity: 1; background-color: #FFFFFF;\"><\/div><\/div>\n\t\t<div class=\"wpb_wrapper\">\n\t\t\t\n<div class=\"wpb_text_column wpb_content_element\" >\n\t<h5>Gines<\/h5>\n<p>C\/ JOSE DE RIVERA 5, 41960<br \/>\ncm.domingomoya@gmail.com<br \/>\n616164672<\/p>\n<\/div>\n\n\n\n\n\t\t<\/div> \n\t<\/div>\n\t<\/div> \n<\/div><\/div>\n\t\t\t<\/div> \n\t\t<\/div>\n\t<\/div> \n<\/div><\/div>","protected":false},"excerpt":{"rendered":"Contacto. \u00bfTienes dudas o necesitas un presupuesto? Aqu\u00ed tienes nuestros datos de contacto, o si...","protected":false},"author":1,"featured_media":0,"parent":0,"menu_order":0,"comment_status":"closed","ping_status":"closed","template":"","meta":{"footnotes":""},"class_list":["post-8","page","type-page","status-publish"],"yoast_head":"<!-- This site is optimized with the Yoast SEO plugin v27.0 - https:\/\/yoast.com\/product\/yoast-seo-wordpress\/ -->\n<title>Contacto - Domingo Moya - Carpinter\u00eda Met\u00e1lica<\/title>\n<meta name=\"description\" content=\"En nuestra secci\u00f3n de contacto encontraras todas las vias disponibles para solicitar tu presupuesto o pedir informaci\u00f3n.\" \/>\n<meta name=\"robots\" content=\"index, follow, max-snippet:-1, max-image-preview:large, max-video-preview:-1\" \/>\n<link rel=\"canonical\" href=\"https:\/\/domingomoya.com\/en\/contacto\/\" \/>\n<meta property=\"og:locale\" content=\"en_GB\" \/>\n<meta property=\"og:type\" content=\"article\" \/>\n<meta property=\"og:title\" content=\"Contacto - Domingo Moya - Carpinter\u00eda Met\u00e1lica\" \/>\n<meta property=\"og:description\" content=\"En nuestra secci\u00f3n de contacto encontraras todas las vias disponibles para solicitar tu presupuesto o pedir informaci\u00f3n.\" \/>\n<meta property=\"og:url\" content=\"https:\/\/domingomoya.com\/en\/contacto\/\" \/>\n<meta property=\"og:site_name\" content=\"Domingo Moya - Carpinter\u00eda Met\u00e1lica\" \/>\n<meta property=\"article:modified_time\" content=\"2026-01-28T16:35:47+00:00\" \/>\n<meta name=\"twitter:card\" content=\"summary_large_image\" \/>\n<meta name=\"twitter:label1\" content=\"Estimated reading time\" \/>\n\t<meta name=\"twitter:data1\" content=\"1 minute\" \/>\n<script type=\"application\/ld+json\" class=\"yoast-schema-graph\">{\"@context\":\"https:\/\/schema.org\",\"@graph\":[{\"@type\":\"WebPage\",\"@id\":\"https:\/\/domingomoya.com\/contacto\/\",\"url\":\"https:\/\/domingomoya.com\/contacto\/\",\"name\":\"Contacto - Domingo Moya - Carpinter\u00eda Met\u00e1lica\",\"isPartOf\":{\"@id\":\"https:\/\/domingomoya.com\/#website\"},\"datePublished\":\"2017-02-07T15:05:55+00:00\",\"dateModified\":\"2026-01-28T16:35:47+00:00\",\"description\":\"En nuestra secci\u00f3n de contacto encontraras todas las vias disponibles para solicitar tu presupuesto o pedir informaci\u00f3n.\",\"breadcrumb\":{\"@id\":\"https:\/\/domingomoya.com\/contacto\/#breadcrumb\"},\"inLanguage\":\"en-GB\",\"potentialAction\":[{\"@type\":\"ReadAction\",\"target\":[\"https:\/\/domingomoya.com\/contacto\/\"]}]},{\"@type\":\"BreadcrumbList\",\"@id\":\"https:\/\/domingomoya.com\/contacto\/#breadcrumb\",\"itemListElement\":[{\"@type\":\"ListItem\",\"position\":1,\"name\":\"Portada\",\"item\":\"https:\/\/domingomoya.com\/\"},{\"@type\":\"ListItem\",\"position\":2,\"name\":\"Contacto\"}]},{\"@type\":\"WebSite\",\"@id\":\"https:\/\/domingomoya.com\/#website\",\"url\":\"https:\/\/domingomoya.com\/\",\"name\":\"Domingo Moya - Carpinter\u00eda Met\u00e1lica\",\"description\":\"Especialistas en Carpinter\u00eda Met\u00e1lica\",\"potentialAction\":[{\"@type\":\"SearchAction\",\"target\":{\"@type\":\"EntryPoint\",\"urlTemplate\":\"https:\/\/domingomoya.com\/?s={search_term_string}\"},\"query-input\":{\"@type\":\"PropertyValueSpecification\",\"valueRequired\":true,\"valueName\":\"search_term_string\"}}],\"inLanguage\":\"en-GB\"}]}<\/script>\n<!-- \/ Yoast SEO plugin. -->","yoast_head_json":{"title":"Contacto - Domingo Moya - Carpinter\u00eda Met\u00e1lica","description":"En nuestra secci\u00f3n de contacto encontraras todas las vias disponibles para solicitar tu presupuesto o pedir informaci\u00f3n.","robots":{"index":"index","follow":"follow","max-snippet":"max-snippet:-1","max-image-preview":"max-image-preview:large","max-video-preview":"max-video-preview:-1"},"canonical":"https:\/\/domingomoya.com\/en\/contacto\/","og_locale":"en_GB","og_type":"article","og_title":"Contacto - Domingo Moya - Carpinter\u00eda Met\u00e1lica","og_description":"En nuestra secci\u00f3n de contacto encontraras todas las vias disponibles para solicitar tu presupuesto o pedir informaci\u00f3n.","og_url":"https:\/\/domingomoya.com\/en\/contacto\/","og_site_name":"Domingo Moya - Carpinter\u00eda Met\u00e1lica","article_modified_time":"2026-01-28T16:35:47+00:00","twitter_card":"summary_large_image","twitter_misc":{"Estimated reading time":"1 minute"},"schema":{"@context":"https:\/\/schema.org","@graph":[{"@type":"WebPage","@id":"https:\/\/domingomoya.com\/contacto\/","url":"https:\/\/domingomoya.com\/contacto\/","name":"Contacto - Domingo Moya - Carpinter\u00eda Met\u00e1lica","isPartOf":{"@id":"https:\/\/domingomoya.com\/#website"},"datePublished":"2017-02-07T15:05:55+00:00","dateModified":"2026-01-28T16:35:47+00:00","description":"En nuestra secci\u00f3n de contacto encontraras todas las vias disponibles para solicitar tu presupuesto o pedir informaci\u00f3n.","breadcrumb":{"@id":"https:\/\/domingomoya.com\/contacto\/#breadcrumb"},"inLanguage":"en-GB","potentialAction":[{"@type":"ReadAction","target":["https:\/\/domingomoya.com\/contacto\/"]}]},{"@type":"BreadcrumbList","@id":"https:\/\/domingomoya.com\/contacto\/#breadcrumb","itemListElement":[{"@type":"ListItem","position":1,"name":"Portada","item":"https:\/\/domingomoya.com\/"},{"@type":"ListItem","position":2,"name":"Contacto"}]},{"@type":"WebSite","@id":"https:\/\/domingomoya.com\/#website","url":"https:\/\/domingomoya.com\/","name":"Domingo Moya - Carpinter\u00eda Met\u00e1lica","description":"Especialistas en Carpinter\u00eda Met\u00e1lica","potentialAction":[{"@type":"SearchAction","target":{"@type":"EntryPoint","urlTemplate":"https:\/\/domingomoya.com\/?s={search_term_string}"},"query-input":{"@type":"PropertyValueSpecification","valueRequired":true,"valueName":"search_term_string"}}],"inLanguage":"en-GB"}]}},"_links":{"self":[{"href":"https:\/\/domingomoya.com\/en\/wp-json\/wp\/v2\/pages\/8","targetHints":{"allow":["GET"]}}],"collection":[{"href":"https:\/\/domingomoya.com\/en\/wp-json\/wp\/v2\/pages"}],"about":[{"href":"https:\/\/domingomoya.com\/en\/wp-json\/wp\/v2\/types\/page"}],"author":[{"embeddable":true,"href":"https:\/\/domingomoya.com\/en\/wp-json\/wp\/v2\/users\/1"}],"replies":[{"embeddable":true,"href":"https:\/\/domingomoya.com\/en\/wp-json\/wp\/v2\/comments?post=8"}],"version-history":[{"count":14,"href":"https:\/\/domingomoya.com\/en\/wp-json\/wp\/v2\/pages\/8\/revisions"}],"predecessor-version":[{"id":6462,"href":"https:\/\/domingomoya.com\/en\/wp-json\/wp\/v2\/pages\/8\/revisions\/6462"}],"wp:attachment":[{"href":"https:\/\/domingomoya.com\/en\/wp-json\/wp\/v2\/media?parent=8"}],"curies":[{"name":"wp","href":"https:\/\/api.w.org\/{rel}","templated":true}]}}