{"id":13,"date":"2017-02-07T15:22:36","date_gmt":"2017-02-07T15:22:36","guid":{"rendered":"http:\/\/themenectar.com\/demo\/salient-startup\/?page_id=13"},"modified":"2026-01-28T16:36:34","modified_gmt":"2026-01-28T16:36:34","slug":"blog","status":"publish","type":"page","link":"https:\/\/domingomoya.com\/en\/blog\/","title":{"rendered":"Blog"},"content":{"rendered":"<div id=\"fws_69e41a8a40ac5\"  data-column-margin=\"default\" data-midnight=\"dark\"  class=\"wpb_row vc_row-fluid vc_row\"  style=\"padding-top: 0px; padding-bottom: 0px; \"><div class=\"row-bg-wrap\" data-bg-animation=\"none\" data-bg-animation-delay=\"\" data-bg-overlay=\"false\"><div class=\"inner-wrap row-bg-layer\" ><div class=\"row-bg viewport-desktop\"  style=\"\"><\/div><\/div><\/div><div class=\"row_col_wrap_12 col span_12 dark left\">\n\t<div  class=\"vc_col-sm-12 wpb_column column_container vc_column_container col no-extra-padding inherit_tablet inherit_phone flex_gap_desktop_10px\"  data-padding-pos=\"all\" data-has-bg-color=\"false\" data-bg-color=\"\" data-bg-opacity=\"1\" data-animation=\"\" data-delay=\"0\" >\n\t\t<div class=\"vc_column-inner\" >\n\t\t\t<div class=\"wpb_wrapper\">\n\t\t\t\t<div class='nectar-post-grid-wrap text-color-light additional-meta-size-small spacing-5px' data-el-settings='{\"post_type\":\"post\",\"pagination\":\"none\",\"image_size\":\"full\",\"parallax_scrolling\":\"\",\"aspect_ratio_image_size\":\"\",\"category_position\":\"default\",\"category_display\":\"parent_only\",\"display_categories\":\"yes\",\"display_excerpt\":\"0\",\"excerpt_length\":\"20\",\"content_next_to_image_excerpt_pos\":\"default\",\"display_date\":\"yes\",\"display_estimated_reading_time\":\"0\",\"display_author\":\"yes\",\"author_functionality\":\"default\",\"author_position\":\"default\",\"color_overlay\":\"\",\"color_overlay_opacity\":\"0.3\",\"color_overlay_hover_opacity\":\"0.4\",\"card_bg_color\":\"\",\"grid_style\":\"content_overlaid\",\"hover_effect\":\"animated_underline_zoom\",\"post_title_overlay\":\"\",\"heading_tag\":\"default\",\"heading_tag_render\":\"default\",\"enable_gallery_lightbox\":\"0\",\"remove_links\":\"0\",\"category_style\":\"button\",\"overlay_secondary_project_image\":\"\",\"vertical_list_hover_effect\":\"none\",\"vertical_list_read_more\":\"\",\"vertical_list_read_more_style\":\"text\",\"read_more_button\":\"0\",\"animation\":\"none\",\"custom_fields\":\"\",\"custom_fields_location\":\"before_post_meta\",\"display_type\":\"grid\",\"text_content_layout\":\"all_bottom_left_shadow\"}' data-style='content_overlaid' data-query='{\"post_type\":\"post\",\"posts_per_page\":\"9\",\"order\":\"DESC\",\"orderby\":\"rand\",\"offset\":\"0\",\"cpt_name\":\"post\",\"custom_query_tax\":\"\",\"ignore_sticky_posts\":\"\",\"exclude_current_post\":\"\"}' data-load-more-color='black' data-load-more-text='Load More'><div class=\"nectar-post-grid-filters\" data-active-color=\"default\" data-align=\"default\" data-animation=\"none\" data-sortable=\"\"><div><a href=\"#\" class=\"active  all-filter\" data-total-count=\"2\" data-filter=\"-1\">All<\/a><a href=\"#\" data-filter=\"carpinteria-metalica\" data-total-count=\"2\">Carpinter\u00eda Met\u00e1lica<\/a><a href=\"#\" data-filter=\"seguridad\" data-total-count=\"1\">Seguridad<\/a><\/div><\/div><div class=\"nectar-post-grid custom_font_size_1vw font_size_min_16px font_size_max_24px font_line_height_1-4 text-opacity-1 text-opacity-hover-1 layout-vert_staggered category-position-before-title\" data-lazy-skip=\"3\" data-indicator=\"yes\" data-indicator-style=\"tooltip_text\" data-indicator-blur=\"true\" data-indicator-text-color=\"#000000\" data-indicator-color=\"rgba(255,255,255,0.25)\" data-indicator-text=\"Read\" data-masonry=\"yes\" data-columns=\"3\" data-hover-effect=\"animated_underline_zoom\" data-text-style=\"default\" data-border-radius=\"10px\" data-grid-item-height=\"40vh\" data-grid-spacing=\"5px\" data-text-layout=\"all_bottom_left_shadow\" data-text-color=\"light\" data-text-hover-color=\"light\" data-shadow-hover=\"\" data-animation=\"none\" data-animation-stagger=\"100\" data-cat-click=\"default\" style=\"--post-grid-border-radius:10px;\" ><div class=\"nectar-post-grid-item nectar-underline\" data-post-id=\"6330\" data-has-img=\"true\"> <div class=\"inner\"><div class=\"nectar-post-grid-item-bg-wrap\"><div class=\"nectar-post-grid-item-bg-wrap-inner\"><div class=\"nectar-post-grid-item-bg\"><img loading=\"lazy\" decoding=\"async\" width=\"1856\" height=\"2304\" src=\"https:\/\/domingomoya.com\/wp-content\/uploads\/2026\/01\/ventajas-rejas-seguridad-casa.png\" class=\"attachment-full size-full wp-post-image\" alt=\"\" srcset=\"https:\/\/domingomoya.com\/wp-content\/uploads\/2026\/01\/ventajas-rejas-seguridad-casa.png 1856w, https:\/\/domingomoya.com\/wp-content\/uploads\/2026\/01\/ventajas-rejas-seguridad-casa-242x300.png 242w, https:\/\/domingomoya.com\/wp-content\/uploads\/2026\/01\/ventajas-rejas-seguridad-casa-825x1024.png 825w, https:\/\/domingomoya.com\/wp-content\/uploads\/2026\/01\/ventajas-rejas-seguridad-casa-768x953.png 768w, https:\/\/domingomoya.com\/wp-content\/uploads\/2026\/01\/ventajas-rejas-seguridad-casa-1237x1536.png 1237w, https:\/\/domingomoya.com\/wp-content\/uploads\/2026\/01\/ventajas-rejas-seguridad-casa-1650x2048.png 1650w, https:\/\/domingomoya.com\/wp-content\/uploads\/2026\/01\/ventajas-rejas-seguridad-casa-10x12.png 10w, https:\/\/domingomoya.com\/wp-content\/uploads\/2026\/01\/ventajas-rejas-seguridad-casa-600x745.png 600w\" sizes=\"auto, (max-width: 1856px) 100vw, 1856px\" \/><\/div><\/div><\/div><div class=\"bg-overlay\"  data-opacity=\"0.3\" data-hover-opacity=\"0.4\"><\/div><div class=\"content\"><a class=\"nectar-post-grid-link\" href=\"https:\/\/domingomoya.com\/en\/carpinteria-metalica\/ventajas-de-instalar-rejas-de-seguridad-en-tu-hogar-o-negocio\/\" ><span class=\"screen-reader-text\">Ventajas de instalar rejas de seguridad en tu hogar o negocio<\/span><\/a><span class=\"meta-category\"><a class=\"carpinteria-metalica style-button\" href=\"https:\/\/domingomoya.com\/en\/category\/carpinteria-metalica\/\">Carpinter\u00eda Met\u00e1lica<\/a><a class=\"seguridad style-button\" href=\"https:\/\/domingomoya.com\/en\/category\/seguridad\/\">Seguridad<\/a><\/span><div class=\"item-main\"><h3 class=\"post-heading\"><span>Ventajas de instalar rejas de seguridad en tu hogar o negocio<\/span><\/h3><span class=\"nectar-post-grid-item__meta-wrap\"><span class=\"meta-author\"><img alt='Domingo Moya' src='https:\/\/secure.gravatar.com\/avatar\/cb962a6ff64aad5aad62f6e51b298a7b239d4a22dccc5fa75ad731ae129bb2ea?s=40&#038;d=mm&#038;r=g' srcset='https:\/\/secure.gravatar.com\/avatar\/cb962a6ff64aad5aad62f6e51b298a7b239d4a22dccc5fa75ad731ae129bb2ea?s=80&#038;d=mm&#038;r=g 2x' class='avatar avatar-40 photo' height='40' width='40' \/><span class=\"meta-author-inner\"><a href=\"https:\/\/domingomoya.com\/en\/author\/domingomoya\/\"><span class=\"meta-author-name\">Domingo Moya<\/span><\/a><\/span><\/span><span class=\"meta-date\">January 26, 2026<\/span><\/span><\/div><\/div><\/div><\/div><div class=\"nectar-post-grid-item nectar-underline\" data-post-id=\"6301\" data-has-img=\"true\"> <div class=\"inner\"><div class=\"nectar-post-grid-item-bg-wrap\"><div class=\"nectar-post-grid-item-bg-wrap-inner\"><div class=\"nectar-post-grid-item-bg\"><img loading=\"lazy\" decoding=\"async\" width=\"1264\" height=\"848\" src=\"https:\/\/domingomoya.com\/wp-content\/uploads\/2026\/01\/como-elegir-metal-adecuado-proyecto.png\" class=\"attachment-full size-full wp-post-image\" alt=\"\" srcset=\"https:\/\/domingomoya.com\/wp-content\/uploads\/2026\/01\/como-elegir-metal-adecuado-proyecto.png 1264w, https:\/\/domingomoya.com\/wp-content\/uploads\/2026\/01\/como-elegir-metal-adecuado-proyecto-300x201.png 300w, https:\/\/domingomoya.com\/wp-content\/uploads\/2026\/01\/como-elegir-metal-adecuado-proyecto-1024x687.png 1024w, https:\/\/domingomoya.com\/wp-content\/uploads\/2026\/01\/como-elegir-metal-adecuado-proyecto-768x515.png 768w, https:\/\/domingomoya.com\/wp-content\/uploads\/2026\/01\/como-elegir-metal-adecuado-proyecto-18x12.png 18w, https:\/\/domingomoya.com\/wp-content\/uploads\/2026\/01\/como-elegir-metal-adecuado-proyecto-600x403.png 600w, https:\/\/domingomoya.com\/wp-content\/uploads\/2026\/01\/como-elegir-metal-adecuado-proyecto-900x604.png 900w, https:\/\/domingomoya.com\/wp-content\/uploads\/2026\/01\/como-elegir-metal-adecuado-proyecto-400x269.png 400w\" sizes=\"auto, (max-width: 1264px) 100vw, 1264px\" \/><\/div><\/div><\/div><div class=\"bg-overlay\"  data-opacity=\"0.3\" data-hover-opacity=\"0.4\"><\/div><div class=\"content\"><a class=\"nectar-post-grid-link\" href=\"https:\/\/domingomoya.com\/en\/carpinteria-metalica\/como-elegir-el-metal-adecuado-para-tu-proyecto\/\" ><span class=\"screen-reader-text\">C\u00f3mo elegir el metal adecuado para tu proyecto<\/span><\/a><span class=\"meta-category\"><a class=\"carpinteria-metalica style-button\" href=\"https:\/\/domingomoya.com\/en\/category\/carpinteria-metalica\/\">Carpinter\u00eda Met\u00e1lica<\/a><\/span><div class=\"item-main\"><h3 class=\"post-heading\"><span>C\u00f3mo elegir el metal adecuado para tu proyecto<\/span><\/h3><span class=\"nectar-post-grid-item__meta-wrap\"><span class=\"meta-author\"><img alt='Domingo Moya' src='https:\/\/secure.gravatar.com\/avatar\/cb962a6ff64aad5aad62f6e51b298a7b239d4a22dccc5fa75ad731ae129bb2ea?s=40&#038;d=mm&#038;r=g' srcset='https:\/\/secure.gravatar.com\/avatar\/cb962a6ff64aad5aad62f6e51b298a7b239d4a22dccc5fa75ad731ae129bb2ea?s=80&#038;d=mm&#038;r=g 2x' class='avatar avatar-40 photo' height='40' width='40' \/><span class=\"meta-author-inner\"><a href=\"https:\/\/domingomoya.com\/en\/author\/domingomoya\/\"><span class=\"meta-author-name\">Domingo Moya<\/span><\/a><\/span><\/span><span class=\"meta-date\">January 26, 2026<\/span><\/span><\/div><\/div><\/div><\/div><\/div><\/div>\n\t\t\t<\/div> \n\t\t<\/div>\n\t<\/div> \n<\/div><\/div>","protected":false},"excerpt":{"rendered":"Elegir el metal adecuado es un paso fundamental para garantizar la durabilidad, seguridad y est\u00e9tica...","protected":false},"author":1,"featured_media":0,"parent":0,"menu_order":0,"comment_status":"closed","ping_status":"closed","template":"page-sidebar.php","meta":{"footnotes":""},"class_list":["post-13","page","type-page","status-publish"],"yoast_head":"<!-- This site is optimized with the Yoast SEO plugin v27.0 - https:\/\/yoast.com\/product\/yoast-seo-wordpress\/ -->\n<title>Blog - Domingo Moya - Carpinter\u00eda Met\u00e1lica<\/title>\n<meta name=\"description\" content=\"En nuestro blog, encontrar\u00e1s art\u00edculos relacionados con la carpinter\u00eda met\u00e1lica y todo lo relevante respecto a nuestro trabajo.\" \/>\n<meta name=\"robots\" content=\"index, follow, max-snippet:-1, max-image-preview:large, max-video-preview:-1\" \/>\n<link rel=\"canonical\" href=\"https:\/\/domingomoya.com\/en\/blog\/\" \/>\n<meta property=\"og:locale\" content=\"en_GB\" \/>\n<meta property=\"og:type\" content=\"article\" \/>\n<meta property=\"og:title\" content=\"Blog - Domingo Moya - Carpinter\u00eda Met\u00e1lica\" \/>\n<meta property=\"og:description\" content=\"En nuestro blog, encontrar\u00e1s art\u00edculos relacionados con la carpinter\u00eda met\u00e1lica y todo lo relevante respecto a nuestro trabajo.\" \/>\n<meta property=\"og:url\" content=\"https:\/\/domingomoya.com\/en\/blog\/\" \/>\n<meta property=\"og:site_name\" content=\"Domingo Moya - Carpinter\u00eda Met\u00e1lica\" \/>\n<meta property=\"article:modified_time\" content=\"2026-01-28T16:36:34+00:00\" \/>\n<meta name=\"twitter:card\" content=\"summary_large_image\" \/>\n<meta name=\"twitter:label1\" content=\"Estimated reading time\" \/>\n\t<meta name=\"twitter:data1\" content=\"1 minute\" \/>\n<script type=\"application\/ld+json\" class=\"yoast-schema-graph\">{\"@context\":\"https:\/\/schema.org\",\"@graph\":[{\"@type\":\"WebPage\",\"@id\":\"https:\/\/domingomoya.com\/blog\/\",\"url\":\"https:\/\/domingomoya.com\/blog\/\",\"name\":\"Blog - Domingo Moya - Carpinter\u00eda Met\u00e1lica\",\"isPartOf\":{\"@id\":\"https:\/\/domingomoya.com\/#website\"},\"datePublished\":\"2017-02-07T15:22:36+00:00\",\"dateModified\":\"2026-01-28T16:36:34+00:00\",\"description\":\"En nuestro blog, encontrar\u00e1s art\u00edculos relacionados con la carpinter\u00eda met\u00e1lica y todo lo relevante respecto a nuestro trabajo.\",\"breadcrumb\":{\"@id\":\"https:\/\/domingomoya.com\/blog\/#breadcrumb\"},\"inLanguage\":\"en-GB\",\"potentialAction\":[{\"@type\":\"ReadAction\",\"target\":[\"https:\/\/domingomoya.com\/blog\/\"]}]},{\"@type\":\"BreadcrumbList\",\"@id\":\"https:\/\/domingomoya.com\/blog\/#breadcrumb\",\"itemListElement\":[{\"@type\":\"ListItem\",\"position\":1,\"name\":\"Portada\",\"item\":\"https:\/\/domingomoya.com\/\"},{\"@type\":\"ListItem\",\"position\":2,\"name\":\"Blog\"}]},{\"@type\":\"WebSite\",\"@id\":\"https:\/\/domingomoya.com\/#website\",\"url\":\"https:\/\/domingomoya.com\/\",\"name\":\"Domingo Moya - Carpinter\u00eda Met\u00e1lica\",\"description\":\"Especialistas en Carpinter\u00eda Met\u00e1lica\",\"potentialAction\":[{\"@type\":\"SearchAction\",\"target\":{\"@type\":\"EntryPoint\",\"urlTemplate\":\"https:\/\/domingomoya.com\/?s={search_term_string}\"},\"query-input\":{\"@type\":\"PropertyValueSpecification\",\"valueRequired\":true,\"valueName\":\"search_term_string\"}}],\"inLanguage\":\"en-GB\"}]}<\/script>\n<!-- \/ Yoast SEO plugin. -->","yoast_head_json":{"title":"Blog - Domingo Moya - Carpinter\u00eda Met\u00e1lica","description":"En nuestro blog, encontrar\u00e1s art\u00edculos relacionados con la carpinter\u00eda met\u00e1lica y todo lo relevante respecto a nuestro trabajo.","robots":{"index":"index","follow":"follow","max-snippet":"max-snippet:-1","max-image-preview":"max-image-preview:large","max-video-preview":"max-video-preview:-1"},"canonical":"https:\/\/domingomoya.com\/en\/blog\/","og_locale":"en_GB","og_type":"article","og_title":"Blog - Domingo Moya - Carpinter\u00eda Met\u00e1lica","og_description":"En nuestro blog, encontrar\u00e1s art\u00edculos relacionados con la carpinter\u00eda met\u00e1lica y todo lo relevante respecto a nuestro trabajo.","og_url":"https:\/\/domingomoya.com\/en\/blog\/","og_site_name":"Domingo Moya - Carpinter\u00eda Met\u00e1lica","article_modified_time":"2026-01-28T16:36:34+00:00","twitter_card":"summary_large_image","twitter_misc":{"Estimated reading time":"1 minute"},"schema":{"@context":"https:\/\/schema.org","@graph":[{"@type":"WebPage","@id":"https:\/\/domingomoya.com\/blog\/","url":"https:\/\/domingomoya.com\/blog\/","name":"Blog - Domingo Moya - Carpinter\u00eda Met\u00e1lica","isPartOf":{"@id":"https:\/\/domingomoya.com\/#website"},"datePublished":"2017-02-07T15:22:36+00:00","dateModified":"2026-01-28T16:36:34+00:00","description":"En nuestro blog, encontrar\u00e1s art\u00edculos relacionados con la carpinter\u00eda met\u00e1lica y todo lo relevante respecto a nuestro trabajo.","breadcrumb":{"@id":"https:\/\/domingomoya.com\/blog\/#breadcrumb"},"inLanguage":"en-GB","potentialAction":[{"@type":"ReadAction","target":["https:\/\/domingomoya.com\/blog\/"]}]},{"@type":"BreadcrumbList","@id":"https:\/\/domingomoya.com\/blog\/#breadcrumb","itemListElement":[{"@type":"ListItem","position":1,"name":"Portada","item":"https:\/\/domingomoya.com\/"},{"@type":"ListItem","position":2,"name":"Blog"}]},{"@type":"WebSite","@id":"https:\/\/domingomoya.com\/#website","url":"https:\/\/domingomoya.com\/","name":"Domingo Moya - Carpinter\u00eda Met\u00e1lica","description":"Especialistas en Carpinter\u00eda Met\u00e1lica","potentialAction":[{"@type":"SearchAction","target":{"@type":"EntryPoint","urlTemplate":"https:\/\/domingomoya.com\/?s={search_term_string}"},"query-input":{"@type":"PropertyValueSpecification","valueRequired":true,"valueName":"search_term_string"}}],"inLanguage":"en-GB"}]}},"_links":{"self":[{"href":"https:\/\/domingomoya.com\/en\/wp-json\/wp\/v2\/pages\/13","targetHints":{"allow":["GET"]}}],"collection":[{"href":"https:\/\/domingomoya.com\/en\/wp-json\/wp\/v2\/pages"}],"about":[{"href":"https:\/\/domingomoya.com\/en\/wp-json\/wp\/v2\/types\/page"}],"author":[{"embeddable":true,"href":"https:\/\/domingomoya.com\/en\/wp-json\/wp\/v2\/users\/1"}],"replies":[{"embeddable":true,"href":"https:\/\/domingomoya.com\/en\/wp-json\/wp\/v2\/comments?post=13"}],"version-history":[{"count":7,"href":"https:\/\/domingomoya.com\/en\/wp-json\/wp\/v2\/pages\/13\/revisions"}],"predecessor-version":[{"id":6463,"href":"https:\/\/domingomoya.com\/en\/wp-json\/wp\/v2\/pages\/13\/revisions\/6463"}],"wp:attachment":[{"href":"https:\/\/domingomoya.com\/en\/wp-json\/wp\/v2\/media?parent=13"}],"curies":[{"name":"wp","href":"https:\/\/api.w.org\/{rel}","templated":true}]}}